{"id":4368,"date":"2016-10-20T22:35:40","date_gmt":"2016-10-20T19:35:40","guid":{"rendered":"https:\/\/www.hotelcorvaris.ro\/en\/?page_id=4368"},"modified":"2016-10-21T12:52:24","modified_gmt":"2016-10-21T09:52:24","slug":"testimonials","status":"publish","type":"page","link":"https:\/\/www.hotelcorvaris.ro\/en\/testimonials\/","title":{"rendered":"Testimonials"},"content":{"rendered":"<p>[vc_row][vc_column][vc_column_text]You can send\u00a0us your feedback using the form located at the bottom of the page.\u00a0What other clients say:[\/vc_column_text][vc_column_text]<div class=\"testimonials-widget-testimonials listing\">\n<div class=\"paging prepend\"><div class=\"alignleft\"><\/div><div class=\"alignright\"><\/div><\/div>\n<div class=\"testimonials-widget-testimonial list odd post-4378 testimonials-widget type-testimonials-widget status-publish category-english-en\" style=\"\">\n<!-- testimonials-widget-testimonials:4378: -->\n\t\t<blockquote><p><span class=\"open-quote\"><\/span>El hotel es peque\u00f1ito pero la habitaci\u00f3n est\u00e1 muy bien. Es grande, limpia y bien amueblada !<span class=\"close-quote\"><\/span><\/p>\n<\/blockquote>\n\t\t\t<div class=\"credit\"><span class=\"author\">Francisco Guerrero<\/span><span class=\"join-location\"><\/span><span class=\"location\">Spain<\/span><\/div>\n\t<\/div>\n<div class=\"testimonials-widget-testimonial list even post-4377 testimonials-widget type-testimonials-widget status-publish category-english-en\" style=\"\">\n<!-- testimonials-widget-testimonials:4377: -->\n\t\t<blockquote><p><span class=\"open-quote\"><\/span>Had a wonderfully pleasant stay and will definitely stay again. Loved the friendly staff and everything about my stay.<span class=\"close-quote\"><\/span><\/p>\n<\/blockquote>\n\t\t\t<div class=\"credit\"><span class=\"author\">Samantha Dillon <\/span><span class=\"join-location\"><\/span><span class=\"location\">England<\/span><\/div>\n\t<\/div>\n<div class=\"testimonials-widget-testimonial list odd post-4376 testimonials-widget type-testimonials-widget status-publish category-english-en\" style=\"\">\n<!-- testimonials-widget-testimonials:4376: -->\n\t\t<blockquote><p><span class=\"open-quote\"><\/span>The people are very nice and kind. Everything was excelent!<span class=\"close-quote\"><\/span><\/p>\n<\/blockquote>\n\t\t\t<div class=\"credit\"><span class=\"author\">Raluca Dumache<\/span><span class=\"join-location\"><\/span><span class=\"location\">Romania<\/span><\/div>\n\t<\/div>\n<div class=\"testimonials-widget-testimonial list even post-4375 testimonials-widget type-testimonials-widget status-publish category-english-en\" style=\"\">\n<!-- testimonials-widget-testimonials:4375: -->\n\t\t<blockquote><p><span class=\"open-quote\"><\/span>Nice place in general. Location is ok. Some walk from the metro not big deal.<span class=\"close-quote\"><\/span><\/p>\n<\/blockquote>\n\t\t\t<div class=\"credit\"><span class=\"author\">Arkady Godlin <\/span><span class=\"join-location\"><\/span><span class=\"location\">Israel<\/span><\/div>\n\t<\/div>\n<div class=\"testimonials-widget-testimonial list odd post-4374 testimonials-widget type-testimonials-widget status-publish category-english-en\" style=\"\">\n<!-- testimonials-widget-testimonials:4374: -->\n\t\t<blockquote><p><span class=\"open-quote\"><\/span>Very clean room! Staff is very friendly.<span class=\"close-quote\"><\/span><\/p>\n<\/blockquote>\n\t\t\t<div class=\"credit\"><span class=\"author\">Sotir Sotirov <\/span><span class=\"join-location\"><\/span><span class=\"location\">Bulgaria<\/span><\/div>\n\t<\/div>\n<div class=\"testimonials-widget-testimonial list even post-4373 testimonials-widget type-testimonials-widget status-publish category-english-en\" style=\"\">\n<!-- testimonials-widget-testimonials:4373: -->\n\t\t<blockquote><p><span class=\"open-quote\"><\/span>It worth of 5*.<span class=\"close-quote\"><\/span><\/p>\n<\/blockquote>\n\t\t\t<div class=\"credit\"><span class=\"author\">Olga Zhygadlo <\/span><span class=\"join-location\"><\/span><span class=\"location\">Ukraine<\/span><\/div>\n\t<\/div>\n<div class=\"testimonials-widget-testimonial list odd post-4372 testimonials-widget type-testimonials-widget status-publish category-english-en\" style=\"\">\n<!-- testimonials-widget-testimonials:4372: -->\n\t\t<blockquote><p><span class=\"open-quote\"><\/span>Great location , close to subway and other public transport , lots of stores and supermarkets around and great food in the restaurant.<span class=\"close-quote\"><\/span><\/p>\n<\/blockquote>\n\t\t\t<div class=\"credit\"><span class=\"author\">Victoria Ivanova<\/span><\/div>\n\t<\/div>\n<div class=\"paging append\"><div class=\"alignleft\"><\/div><div class=\"alignright\"><\/div><\/div>\n<\/div>\n[\/vc_column_text]<div role=\"form\" class=\"wpcf7\" id=\"wpcf7-f4366-o1\" lang=\"ro-RO\" dir=\"ltr\">\n<div class=\"screen-reader-response\"><p role=\"status\" aria-live=\"polite\" aria-atomic=\"true\"><\/p> <ul><\/ul><\/div>\n<form action=\"\/en\/wp-json\/wp\/v2\/pages\/4368#wpcf7-f4366-o1\" method=\"post\" class=\"wpcf7-form init\" novalidate=\"novalidate\" data-status=\"init\">\n<div style=\"display: none;\">\n<input type=\"hidden\" name=\"_wpcf7\" value=\"4366\" \/>\n<input type=\"hidden\" name=\"_wpcf7_version\" value=\"5.3.2\" \/>\n<input type=\"hidden\" name=\"_wpcf7_locale\" value=\"ro_RO\" \/>\n<input type=\"hidden\" name=\"_wpcf7_unit_tag\" value=\"wpcf7-f4366-o1\" \/>\n<input type=\"hidden\" name=\"_wpcf7_container_post\" value=\"0\" \/>\n<input type=\"hidden\" name=\"_wpcf7_posted_data_hash\" value=\"\" \/>\n<\/div>\n<p><label>Name<br \/>\n    <span class=\"wpcf7-form-control-wrap your-name\"><input type=\"text\" name=\"your-name\" value=\"\" size=\"40\" class=\"wpcf7-form-control wpcf7-text wpcf7-validates-as-required\" aria-required=\"true\" aria-invalid=\"false\" \/><\/span> <\/label><\/p>\n<p><label>E-mail<br \/>\n    <span class=\"wpcf7-form-control-wrap your-email\"><input type=\"email\" name=\"your-email\" value=\"\" size=\"40\" class=\"wpcf7-form-control wpcf7-text wpcf7-email wpcf7-validates-as-required wpcf7-validates-as-email\" aria-required=\"true\" aria-invalid=\"false\" \/><\/span> <\/label><\/p>\n<p><label>Country<br \/>\n    <span class=\"wpcf7-form-control-wrap your-subject\"><input type=\"text\" name=\"your-subject\" value=\"\" size=\"40\" class=\"wpcf7-form-control wpcf7-text\" aria-invalid=\"false\" \/><\/span> <\/label><\/p>\n<p><label>Testimonial<br \/>\n    <span class=\"wpcf7-form-control-wrap your-message\"><textarea name=\"your-message\" cols=\"40\" rows=\"10\" class=\"wpcf7-form-control wpcf7-textarea\" aria-invalid=\"false\"><\/textarea><\/span> <\/label><br \/>\n<span class=\"wpcf7-form-control-wrap politica\"><span class=\"wpcf7-form-control wpcf7-acceptance\"><span class=\"wpcf7-list-item\"><label><input type=\"checkbox\" name=\"politica\" value=\"1\" aria-invalid=\"false\" \/><span class=\"wpcf7-list-item-label\">I read & I accept the <a href=\"\/politica-de-confidentialitate\/\">Privacy Policy<\/a> (romanian).<\/span><\/label><\/span><\/span><\/span><br \/>\n<input type=\"submit\" value=\"Send\" class=\"wpcf7-form-control wpcf7-submit\" \/><\/p>\n<div class=\"wpcf7-response-output\" aria-hidden=\"true\"><\/div><\/form><\/div>[\/vc_column][\/vc_row]<\/p>\n","protected":false},"excerpt":{"rendered":"<p>[vc_row][vc_column][vc_column_text]You can send\u00a0us your feedback using the form located at the bottom of the page.\u00a0What other clients say:[\/vc_column_text][vc_column_text][\/vc_column_text][\/vc_column][\/vc_row]<\/p>\n","protected":false},"author":2,"featured_media":0,"parent":0,"menu_order":0,"comment_status":"closed","ping_status":"closed","template":"","meta":[],"yoast_head":"<!-- This site is optimized with the Yoast SEO plugin v15.5 - https:\/\/yoast.com\/wordpress\/plugins\/seo\/ -->\n<meta name=\"description\" content=\"You can send us your feedback using the form located at the bottom of the page.\" \/>\n<meta name=\"robots\" content=\"index, follow, max-snippet:-1, max-image-preview:large, max-video-preview:-1\" \/>\n<link rel=\"canonical\" href=\"https:\/\/www.hotelcorvaris.ro\/en\/testimonials\/\" \/>\n<meta property=\"og:locale\" content=\"en_US\" \/>\n<meta property=\"og:type\" content=\"article\" \/>\n<meta property=\"og:title\" content=\"Testimonials - Hotel Corvaris\" \/>\n<meta property=\"og:description\" content=\"You can send us your feedback using the form located at the bottom of the page.\" \/>\n<meta property=\"og:url\" content=\"https:\/\/www.hotelcorvaris.ro\/en\/testimonials\/\" \/>\n<meta property=\"og:site_name\" content=\"Hotel Corvaris\" \/>\n<meta property=\"article:modified_time\" content=\"2016-10-21T09:52:24+00:00\" \/>\n<meta name=\"twitter:card\" content=\"summary\" \/>\n<meta name=\"twitter:label1\" content=\"Est. reading time\">\n\t<meta name=\"twitter:data1\" content=\"0 minutes\">\n<script type=\"application\/ld+json\" class=\"yoast-schema-graph\">{\"@context\":\"https:\/\/schema.org\",\"@graph\":[{\"@type\":\"WebSite\",\"@id\":\"https:\/\/www.hotelcorvaris.ro\/#website\",\"url\":\"https:\/\/www.hotelcorvaris.ro\/\",\"name\":\"Hotel Corvaris\",\"description\":\"Cazare Bucuresti\",\"potentialAction\":[{\"@type\":\"SearchAction\",\"target\":\"https:\/\/www.hotelcorvaris.ro\/?s={search_term_string}\",\"query-input\":\"required name=search_term_string\"}],\"inLanguage\":\"en-US\"},{\"@type\":\"WebPage\",\"@id\":\"https:\/\/www.hotelcorvaris.ro\/en\/testimonials\/#webpage\",\"url\":\"https:\/\/www.hotelcorvaris.ro\/en\/testimonials\/\",\"name\":\"Testimonials - Hotel Corvaris\",\"isPartOf\":{\"@id\":\"https:\/\/www.hotelcorvaris.ro\/#website\"},\"datePublished\":\"2016-10-20T19:35:40+00:00\",\"dateModified\":\"2016-10-21T09:52:24+00:00\",\"description\":\"You can send us your feedback using the form located at the bottom of the page.\",\"breadcrumb\":{\"@id\":\"https:\/\/www.hotelcorvaris.ro\/en\/testimonials\/#breadcrumb\"},\"inLanguage\":\"en-US\",\"potentialAction\":[{\"@type\":\"ReadAction\",\"target\":[\"https:\/\/www.hotelcorvaris.ro\/en\/testimonials\/\"]}]},{\"@type\":\"BreadcrumbList\",\"@id\":\"https:\/\/www.hotelcorvaris.ro\/en\/testimonials\/#breadcrumb\",\"itemListElement\":[{\"@type\":\"ListItem\",\"position\":1,\"item\":{\"@type\":\"WebPage\",\"@id\":\"https:\/\/www.hotelcorvaris.ro\/en\/\",\"url\":\"https:\/\/www.hotelcorvaris.ro\/en\/\",\"name\":\"Home\"}},{\"@type\":\"ListItem\",\"position\":2,\"item\":{\"@type\":\"WebPage\",\"@id\":\"https:\/\/www.hotelcorvaris.ro\/en\/testimonials\/\",\"url\":\"https:\/\/www.hotelcorvaris.ro\/en\/testimonials\/\",\"name\":\"Testimonials\"}}]}]}<\/script>\n<!-- \/ Yoast SEO plugin. -->","_links":{"self":[{"href":"https:\/\/www.hotelcorvaris.ro\/en\/wp-json\/wp\/v2\/pages\/4368"}],"collection":[{"href":"https:\/\/www.hotelcorvaris.ro\/en\/wp-json\/wp\/v2\/pages"}],"about":[{"href":"https:\/\/www.hotelcorvaris.ro\/en\/wp-json\/wp\/v2\/types\/page"}],"author":[{"embeddable":true,"href":"https:\/\/www.hotelcorvaris.ro\/en\/wp-json\/wp\/v2\/users\/2"}],"replies":[{"embeddable":true,"href":"https:\/\/www.hotelcorvaris.ro\/en\/wp-json\/wp\/v2\/comments?post=4368"}],"version-history":[{"count":3,"href":"https:\/\/www.hotelcorvaris.ro\/en\/wp-json\/wp\/v2\/pages\/4368\/revisions"}],"predecessor-version":[{"id":4379,"href":"https:\/\/www.hotelcorvaris.ro\/en\/wp-json\/wp\/v2\/pages\/4368\/revisions\/4379"}],"wp:attachment":[{"href":"https:\/\/www.hotelcorvaris.ro\/en\/wp-json\/wp\/v2\/media?parent=4368"}],"curies":[{"name":"wp","href":"https:\/\/api.w.org\/{rel}","templated":true}]}}